{"id":295,"date":"2025-06-30T09:39:22","date_gmt":"2025-06-30T09:39:22","guid":{"rendered":"https:\/\/theblueresidence.com\/theblueth2026\/?page_id=295"},"modified":"2026-01-12T09:09:02","modified_gmt":"2026-01-12T09:09:02","slug":"visita","status":"publish","type":"page","link":"https:\/\/theblueresidence.com\/theblueth2026\/visita\/","title":{"rendered":"Visita la Residencia"},"content":{"rendered":"\t\t<div data-elementor-type=\"wp-page\" data-elementor-id=\"295\" class=\"elementor elementor-295\" data-elementor-post-type=\"page\">\n\t\t\t\t<div class=\"elementor-element elementor-element-eebd9d7 e-con-full e-flex e-con e-parent\" data-id=\"eebd9d7\" data-element_type=\"container\" data-settings=\"{&quot;background_background&quot;:&quot;classic&quot;}\">\n\t\t<div class=\"elementor-element elementor-element-f5e5fa7 e-con-full e-flex e-con e-child\" data-id=\"f5e5fa7\" data-element_type=\"container\">\n\t\t\t\t<div class=\"elementor-element elementor-element-a06c217 elementor-widget elementor-widget-heading\" data-id=\"a06c217\" data-element_type=\"widget\" data-widget_type=\"heading.default\">\n\t\t\t\t<div class=\"elementor-widget-container\">\n\t\t\t\t\t<h1 class=\"elementor-heading-title elementor-size-default\">Visita tu nueva Residencia \nen Valencia,\na s\u00f3lo unos minutos\ncaminando de la \nUniversidad CEU Cardenal Herrera<\/h1>\t\t\t\t<\/div>\n\t\t\t\t<\/div>\n\t\t\t\t<\/div>\n\t\t<div class=\"elementor-element elementor-element-9056b18 e-con-full e-flex e-con e-child\" data-id=\"9056b18\" data-element_type=\"container\" data-settings=\"{&quot;background_background&quot;:&quot;classic&quot;}\">\n\t\t\t\t<div class=\"elementor-element elementor-element-9a3c6e2 elementor-widget elementor-widget-image\" data-id=\"9a3c6e2\" data-element_type=\"widget\" data-widget_type=\"image.default\">\n\t\t\t\t<div class=\"elementor-widget-container\">\n\t\t\t\t\t\t\t\t\t\t\t\t\t\t\t<img fetchpriority=\"high\" decoding=\"async\" width=\"485\" height=\"785\" src=\"https:\/\/theblueresidence.com\/theblueth2026\/wp-content\/uploads\/2025\/06\/VisitaVirtualTheBlueResidence.png\" class=\"attachment-large size-large wp-image-210\" alt=\"\" srcset=\"https:\/\/theblueresidence.com\/theblueth2026\/wp-content\/uploads\/2025\/06\/VisitaVirtualTheBlueResidence.png 485w, https:\/\/theblueresidence.com\/theblueth2026\/wp-content\/uploads\/2025\/06\/VisitaVirtualTheBlueResidence-185x300.png 185w\" sizes=\"(max-width: 485px) 100vw, 485px\" \/>\t\t\t\t\t\t\t\t\t\t\t\t\t\t\t<\/div>\n\t\t\t\t<\/div>\n\t\t\t\t<\/div>\n\t\t\t\t<\/div>\n\t\t<div class=\"elementor-element elementor-element-2cba8fe e-con-full e-flex e-con e-parent\" data-id=\"2cba8fe\" data-element_type=\"container\" data-settings=\"{&quot;background_background&quot;:&quot;classic&quot;}\">\n\t\t<div class=\"elementor-element elementor-element-cc5a29c e-con-full e-flex e-con e-child\" data-id=\"cc5a29c\" data-element_type=\"container\" data-settings=\"{&quot;background_background&quot;:&quot;classic&quot;}\">\n\t\t\t\t<\/div>\n\t\t<div class=\"elementor-element elementor-element-a6382a8 e-con-full e-flex e-con e-child\" data-id=\"a6382a8\" data-element_type=\"container\">\n\t\t<div class=\"elementor-element elementor-element-25866ab e-con-full e-flex e-con e-child\" data-id=\"25866ab\" data-element_type=\"container\">\n\t\t\t\t<div class=\"elementor-element elementor-element-db2ff4b elementor-widget elementor-widget-heading\" data-id=\"db2ff4b\" data-element_type=\"widget\" data-widget_type=\"heading.default\">\n\t\t\t\t<div class=\"elementor-widget-container\">\n\t\t\t\t\t<h2 class=\"elementor-heading-title elementor-size-default\">Ven a vernos y querr\u00e1s <br>\nquedarte para siempre<\/h2>\t\t\t\t<\/div>\n\t\t\t\t<\/div>\n\t\t\t\t<div class=\"elementor-element elementor-element-c42cdd7 elementor-widget elementor-widget-text-editor\" data-id=\"c42cdd7\" data-element_type=\"widget\" data-widget_type=\"text-editor.default\">\n\t\t\t\t<div class=\"elementor-widget-container\">\n\t\t\t\t\t\t\t\t\t<p class=\"p1\"><span class=\"s1\">Elige el d\u00eda, hora y podr\u00e1s conocer en detalle las instalaciones, las habitaciones y todos los servicios disponibles. Nuestro equipo te recibir\u00e1 y acompa\u00f1ar\u00e1 en tu visita para resolver todas las dudas que puedas tener.<\/span><\/p><p class=\"p1\"><span class=\"s1\">Visita virtualmente la residencia a trav\u00e9s de una videollamada. Solicita cita y te mostraremos todas las instalaciones, tambi\u00e9n podr\u00e1s preguntarnos en el momento todas las dudas que te surjan. <\/span><\/p><p class=\"p1\"><span class=\"s1\">Ven a conocer de primera mano todo lo que te ofrece The Blue Residence.<\/span><\/p><p class=\"p1\"><span class=\"s1\">\u00bfCu\u00e1ndo quieres que nos veamos?<\/span><\/p>\t\t\t\t\t\t\t\t<\/div>\n\t\t\t\t<\/div>\n\t\t\t\t<\/div>\n\t\t\t\t<\/div>\n\t\t\t\t<\/div>\n\t\t<div class=\"elementor-element elementor-element-66094c1 e-flex e-con-boxed e-con e-parent\" data-id=\"66094c1\" data-element_type=\"container\">\n\t\t\t\t\t<div class=\"e-con-inner\">\n\t\t\t\t<div class=\"elementor-element elementor-element-ce3f30a elementor-widget elementor-widget-html\" data-id=\"ce3f30a\" data-element_type=\"widget\" data-widget_type=\"html.default\">\n\t\t\t\t<div class=\"elementor-widget-container\">\n\t\t\t\t\t<!-- Principio del widget integrado de Calendly -->\n<div class=\"calendly-inline-widget\" data-url=\"https:\/\/calendly.com\/theblueresidence\/visita-instalaciones-residencia-universitaria?hide_gdpr_banner=1&text_color=1c1f2a&primary_color=0032a0\" style=\"min-width:320px;height:700px;\"><\/div>\n<script type=\"text\/javascript\" src=\"https:\/\/assets.calendly.com\/assets\/external\/widget.js\" async><\/script>\n<!-- Final del widget integrado de Calendly -->\t\t\t\t<\/div>\n\t\t\t\t<\/div>\n\t\t\t\t\t<\/div>\n\t\t\t\t<\/div>\n\t\t<div class=\"elementor-element elementor-element-176cc92 e-flex e-con-boxed e-con e-parent\" data-id=\"176cc92\" data-element_type=\"container\" data-settings=\"{&quot;background_background&quot;:&quot;classic&quot;,&quot;background_motion_fx_motion_fx_scrolling&quot;:&quot;yes&quot;,&quot;background_motion_fx_translateY_effect&quot;:&quot;yes&quot;,&quot;background_motion_fx_translateY_speed&quot;:{&quot;unit&quot;:&quot;px&quot;,&quot;size&quot;:6.2,&quot;sizes&quot;:[]},&quot;background_motion_fx_translateY_affectedRange&quot;:{&quot;unit&quot;:&quot;%&quot;,&quot;size&quot;:&quot;&quot;,&quot;sizes&quot;:{&quot;start&quot;:14,&quot;end&quot;:89}},&quot;background_motion_fx_devices&quot;:[&quot;desktop&quot;,&quot;tablet&quot;,&quot;mobile&quot;]}\">\n\t\t\t\t\t<div class=\"e-con-inner\">\n\t\t\t\t\t<\/div>\n\t\t\t\t<\/div>\n\t\t\t\t<\/div>\n\t\t","protected":false},"excerpt":{"rendered":"<p>Visita tu nueva Residencia en Valencia, a s\u00f3lo unos minutos caminando de la Universidad CEU Cardenal Herrera Ven a vernos y querr\u00e1s quedarte para siempre Elige el d\u00eda, hora y podr\u00e1s conocer en detalle las instalaciones, las habitaciones y todos los servicios disponibles. Nuestro equipo te recibir\u00e1 y acompa\u00f1ar\u00e1 en tu visita para resolver todas [&hellip;]<\/p>\n","protected":false},"author":1,"featured_media":0,"parent":0,"menu_order":0,"comment_status":"closed","ping_status":"closed","template":"","meta":{"_joinchat":[],"footnotes":""},"class_list":["post-295","page","type-page","status-publish","hentry"],"yoast_head":"<!-- This site is optimized with the Yoast SEO plugin v26.5 - https:\/\/yoast.com\/wordpress\/plugins\/seo\/ -->\n<title>Visita la Residencia - The Blue Residence | Ven a Vivirlo Todo<\/title>\n<meta name=\"robots\" content=\"noindex, follow, max-snippet:-1, max-image-preview:large, max-video-preview:-1\" \/>\n<meta property=\"og:locale\" content=\"es_ES\" \/>\n<meta property=\"og:type\" content=\"article\" \/>\n<meta property=\"og:title\" content=\"Visita la Residencia - The Blue Residence | Ven a Vivirlo Todo\" \/>\n<meta property=\"og:description\" content=\"Visita tu nueva Residencia en Valencia, a s\u00f3lo unos minutos caminando de la Universidad CEU Cardenal Herrera Ven a vernos y querr\u00e1s quedarte para siempre Elige el d\u00eda, hora y podr\u00e1s conocer en detalle las instalaciones, las habitaciones y todos los servicios disponibles. Nuestro equipo te recibir\u00e1 y acompa\u00f1ar\u00e1 en tu visita para resolver todas [&hellip;]\" \/>\n<meta property=\"og:url\" content=\"https:\/\/theblueresidence.com\/theblueth2026\/visita\/\" \/>\n<meta property=\"og:site_name\" content=\"The Blue Residence | Ven a Vivirlo Todo\" \/>\n<meta property=\"article:modified_time\" content=\"2026-01-12T09:09:02+00:00\" \/>\n<meta property=\"og:image\" content=\"https:\/\/theblueresidence.com\/theblueth2026\/wp-content\/uploads\/2025\/06\/VisitaVirtualTheBlueResidence.png\" \/>\n<meta name=\"twitter:card\" content=\"summary_large_image\" \/>\n<meta name=\"twitter:label1\" content=\"Tiempo de lectura\" \/>\n\t<meta name=\"twitter:data1\" content=\"1 minuto\" \/>\n<script type=\"application\/ld+json\" class=\"yoast-schema-graph\">{\"@context\":\"https:\/\/schema.org\",\"@graph\":[{\"@type\":\"WebPage\",\"@id\":\"https:\/\/theblueresidence.com\/theblueth2026\/visita\/\",\"url\":\"https:\/\/theblueresidence.com\/theblueth2026\/visita\/\",\"name\":\"Visita la Residencia - The Blue Residence | Ven a Vivirlo Todo\",\"isPartOf\":{\"@id\":\"https:\/\/theblueresidence.com\/theblueth2026\/#website\"},\"primaryImageOfPage\":{\"@id\":\"https:\/\/theblueresidence.com\/theblueth2026\/visita\/#primaryimage\"},\"image\":{\"@id\":\"https:\/\/theblueresidence.com\/theblueth2026\/visita\/#primaryimage\"},\"thumbnailUrl\":\"https:\/\/theblueresidence.com\/theblueth2026\/wp-content\/uploads\/2025\/06\/VisitaVirtualTheBlueResidence.png\",\"datePublished\":\"2025-06-30T09:39:22+00:00\",\"dateModified\":\"2026-01-12T09:09:02+00:00\",\"breadcrumb\":{\"@id\":\"https:\/\/theblueresidence.com\/theblueth2026\/visita\/#breadcrumb\"},\"inLanguage\":\"es\",\"potentialAction\":[{\"@type\":\"ReadAction\",\"target\":[\"https:\/\/theblueresidence.com\/theblueth2026\/visita\/\"]}]},{\"@type\":\"ImageObject\",\"inLanguage\":\"es\",\"@id\":\"https:\/\/theblueresidence.com\/theblueth2026\/visita\/#primaryimage\",\"url\":\"https:\/\/theblueresidence.com\/theblueth2026\/wp-content\/uploads\/2025\/06\/VisitaVirtualTheBlueResidence.png\",\"contentUrl\":\"https:\/\/theblueresidence.com\/theblueth2026\/wp-content\/uploads\/2025\/06\/VisitaVirtualTheBlueResidence.png\",\"width\":485,\"height\":785},{\"@type\":\"BreadcrumbList\",\"@id\":\"https:\/\/theblueresidence.com\/theblueth2026\/visita\/#breadcrumb\",\"itemListElement\":[{\"@type\":\"ListItem\",\"position\":1,\"name\":\"Portada\",\"item\":\"https:\/\/theblueresidence.com\/theblueth2026\/\"},{\"@type\":\"ListItem\",\"position\":2,\"name\":\"Visita la Residencia\"}]},{\"@type\":\"WebSite\",\"@id\":\"https:\/\/theblueresidence.com\/theblueth2026\/#website\",\"url\":\"https:\/\/theblueresidence.com\/theblueth2026\/\",\"name\":\"theblueresidence.com\",\"description\":\"Tu Residencia Universitaria a 4 minutos del CEU Cardenal Herrera. \u00a1Ven a vivirlo todo!\",\"publisher\":{\"@id\":\"https:\/\/theblueresidence.com\/theblueth2026\/#organization\"},\"potentialAction\":[{\"@type\":\"SearchAction\",\"target\":{\"@type\":\"EntryPoint\",\"urlTemplate\":\"https:\/\/theblueresidence.com\/theblueth2026\/?s={search_term_string}\"},\"query-input\":{\"@type\":\"PropertyValueSpecification\",\"valueRequired\":true,\"valueName\":\"search_term_string\"}}],\"inLanguage\":\"es\"},{\"@type\":\"Organization\",\"@id\":\"https:\/\/theblueresidence.com\/theblueth2026\/#organization\",\"name\":\"The Blue Residence\",\"url\":\"https:\/\/theblueresidence.com\/theblueth2026\/\",\"logo\":{\"@type\":\"ImageObject\",\"inLanguage\":\"es\",\"@id\":\"https:\/\/theblueresidence.com\/theblueth2026\/#\/schema\/logo\/image\/\",\"url\":\"https:\/\/theblueresidence.com\/theblueth2026\/wp-content\/uploads\/2025\/03\/cropped-The-Blue-Residence_sinfondo.png\",\"contentUrl\":\"https:\/\/theblueresidence.com\/theblueth2026\/wp-content\/uploads\/2025\/03\/cropped-The-Blue-Residence_sinfondo.png\",\"width\":2251,\"height\":1126,\"caption\":\"The Blue Residence\"},\"image\":{\"@id\":\"https:\/\/theblueresidence.com\/theblueth2026\/#\/schema\/logo\/image\/\"},\"sameAs\":[\"https:\/\/www.instagram.com\/theblueresidence_es\/\"]}]}<\/script>\n<!-- \/ Yoast SEO plugin. -->","yoast_head_json":{"title":"Visita la Residencia - The Blue Residence | Ven a Vivirlo Todo","robots":{"index":"noindex","follow":"follow","max-snippet":"max-snippet:-1","max-image-preview":"max-image-preview:large","max-video-preview":"max-video-preview:-1"},"og_locale":"es_ES","og_type":"article","og_title":"Visita la Residencia - The Blue Residence | Ven a Vivirlo Todo","og_description":"Visita tu nueva Residencia en Valencia, a s\u00f3lo unos minutos caminando de la Universidad CEU Cardenal Herrera Ven a vernos y querr\u00e1s quedarte para siempre Elige el d\u00eda, hora y podr\u00e1s conocer en detalle las instalaciones, las habitaciones y todos los servicios disponibles. Nuestro equipo te recibir\u00e1 y acompa\u00f1ar\u00e1 en tu visita para resolver todas [&hellip;]","og_url":"https:\/\/theblueresidence.com\/theblueth2026\/visita\/","og_site_name":"The Blue Residence | Ven a Vivirlo Todo","article_modified_time":"2026-01-12T09:09:02+00:00","og_image":[{"url":"https:\/\/theblueresidence.com\/theblueth2026\/wp-content\/uploads\/2025\/06\/VisitaVirtualTheBlueResidence.png","type":"","width":"","height":""}],"twitter_card":"summary_large_image","twitter_misc":{"Tiempo de lectura":"1 minuto"},"schema":{"@context":"https:\/\/schema.org","@graph":[{"@type":"WebPage","@id":"https:\/\/theblueresidence.com\/theblueth2026\/visita\/","url":"https:\/\/theblueresidence.com\/theblueth2026\/visita\/","name":"Visita la Residencia - The Blue Residence | Ven a Vivirlo Todo","isPartOf":{"@id":"https:\/\/theblueresidence.com\/theblueth2026\/#website"},"primaryImageOfPage":{"@id":"https:\/\/theblueresidence.com\/theblueth2026\/visita\/#primaryimage"},"image":{"@id":"https:\/\/theblueresidence.com\/theblueth2026\/visita\/#primaryimage"},"thumbnailUrl":"https:\/\/theblueresidence.com\/theblueth2026\/wp-content\/uploads\/2025\/06\/VisitaVirtualTheBlueResidence.png","datePublished":"2025-06-30T09:39:22+00:00","dateModified":"2026-01-12T09:09:02+00:00","breadcrumb":{"@id":"https:\/\/theblueresidence.com\/theblueth2026\/visita\/#breadcrumb"},"inLanguage":"es","potentialAction":[{"@type":"ReadAction","target":["https:\/\/theblueresidence.com\/theblueth2026\/visita\/"]}]},{"@type":"ImageObject","inLanguage":"es","@id":"https:\/\/theblueresidence.com\/theblueth2026\/visita\/#primaryimage","url":"https:\/\/theblueresidence.com\/theblueth2026\/wp-content\/uploads\/2025\/06\/VisitaVirtualTheBlueResidence.png","contentUrl":"https:\/\/theblueresidence.com\/theblueth2026\/wp-content\/uploads\/2025\/06\/VisitaVirtualTheBlueResidence.png","width":485,"height":785},{"@type":"BreadcrumbList","@id":"https:\/\/theblueresidence.com\/theblueth2026\/visita\/#breadcrumb","itemListElement":[{"@type":"ListItem","position":1,"name":"Portada","item":"https:\/\/theblueresidence.com\/theblueth2026\/"},{"@type":"ListItem","position":2,"name":"Visita la Residencia"}]},{"@type":"WebSite","@id":"https:\/\/theblueresidence.com\/theblueth2026\/#website","url":"https:\/\/theblueresidence.com\/theblueth2026\/","name":"theblueresidence.com","description":"Tu Residencia Universitaria a 4 minutos del CEU Cardenal Herrera. \u00a1Ven a vivirlo todo!","publisher":{"@id":"https:\/\/theblueresidence.com\/theblueth2026\/#organization"},"potentialAction":[{"@type":"SearchAction","target":{"@type":"EntryPoint","urlTemplate":"https:\/\/theblueresidence.com\/theblueth2026\/?s={search_term_string}"},"query-input":{"@type":"PropertyValueSpecification","valueRequired":true,"valueName":"search_term_string"}}],"inLanguage":"es"},{"@type":"Organization","@id":"https:\/\/theblueresidence.com\/theblueth2026\/#organization","name":"The Blue Residence","url":"https:\/\/theblueresidence.com\/theblueth2026\/","logo":{"@type":"ImageObject","inLanguage":"es","@id":"https:\/\/theblueresidence.com\/theblueth2026\/#\/schema\/logo\/image\/","url":"https:\/\/theblueresidence.com\/theblueth2026\/wp-content\/uploads\/2025\/03\/cropped-The-Blue-Residence_sinfondo.png","contentUrl":"https:\/\/theblueresidence.com\/theblueth2026\/wp-content\/uploads\/2025\/03\/cropped-The-Blue-Residence_sinfondo.png","width":2251,"height":1126,"caption":"The Blue Residence"},"image":{"@id":"https:\/\/theblueresidence.com\/theblueth2026\/#\/schema\/logo\/image\/"},"sameAs":["https:\/\/www.instagram.com\/theblueresidence_es\/"]}]}},"_links":{"self":[{"href":"https:\/\/theblueresidence.com\/theblueth2026\/wp-json\/wp\/v2\/pages\/295","targetHints":{"allow":["GET"]}}],"collection":[{"href":"https:\/\/theblueresidence.com\/theblueth2026\/wp-json\/wp\/v2\/pages"}],"about":[{"href":"https:\/\/theblueresidence.com\/theblueth2026\/wp-json\/wp\/v2\/types\/page"}],"author":[{"embeddable":true,"href":"https:\/\/theblueresidence.com\/theblueth2026\/wp-json\/wp\/v2\/users\/1"}],"replies":[{"embeddable":true,"href":"https:\/\/theblueresidence.com\/theblueth2026\/wp-json\/wp\/v2\/comments?post=295"}],"version-history":[{"count":23,"href":"https:\/\/theblueresidence.com\/theblueth2026\/wp-json\/wp\/v2\/pages\/295\/revisions"}],"predecessor-version":[{"id":1397,"href":"https:\/\/theblueresidence.com\/theblueth2026\/wp-json\/wp\/v2\/pages\/295\/revisions\/1397"}],"wp:attachment":[{"href":"https:\/\/theblueresidence.com\/theblueth2026\/wp-json\/wp\/v2\/media?parent=295"}],"curies":[{"name":"wp","href":"https:\/\/api.w.org\/{rel}","templated":true}]}}