{"id":689,"date":"2025-07-30T11:00:20","date_gmt":"2025-07-30T11:00:20","guid":{"rendered":"https:\/\/theblueresidence.com\/theblueth2026\/?page_id=689"},"modified":"2026-04-09T20:26:19","modified_gmt":"2026-04-09T20:26:19","slug":"pre-reserva","status":"publish","type":"page","link":"https:\/\/theblueresidence.com\/theblueth2026\/en\/pre-reserva\/","title":{"rendered":"Inscripci\u00f3n The Blue Residence &#8211; Plazas Disponibles"},"content":{"rendered":"<div data-elementor-type=\"wp-page\" data-elementor-id=\"689\" class=\"elementor elementor-689\" data-elementor-post-type=\"page\">\n\t\t\t\t<div class=\"elementor-element elementor-element-9cbfd21 e-flex e-con-boxed e-con e-parent\" data-id=\"9cbfd21\" data-element_type=\"container\">\n\t\t\t\t\t<div class=\"e-con-inner\">\n\t\t<div class=\"elementor-element elementor-element-1293f38 e-con-full e-flex e-con e-child\" data-id=\"1293f38\" data-element_type=\"container\">\n\t\t\t\t<div class=\"elementor-element elementor-element-58368ed elementor-hidden-mobile elementor-widget elementor-widget-heading\" data-id=\"58368ed\" data-element_type=\"widget\" data-widget_type=\"heading.default\">\n\t\t\t\t<div class=\"elementor-widget-container\">\n\t\t\t\t\t<h1 class=\"elementor-heading-title elementor-size-default\">Plazas Disponibles para el<br>\ncurso 2026\/27<\/h1>\t\t\t\t<\/div>\n\t\t\t\t<\/div>\n\t\t\t\t<div class=\"elementor-element elementor-element-4bc50a6 elementor-widget elementor-widget-heading\" data-id=\"4bc50a6\" data-element_type=\"widget\" data-widget_type=\"heading.default\">\n\t\t\t\t<div class=\"elementor-widget-container\">\n\t\t\t\t\t<h2 class=\"elementor-heading-title elementor-size-default\">Tu residencia a 4 minutos del CEU<\/h2>\t\t\t\t<\/div>\n\t\t\t\t<\/div>\n\t\t\t\t<div class=\"elementor-element elementor-element-a68bc6c elementor-widget elementor-widget-text-editor\" data-id=\"a68bc6c\" data-element_type=\"widget\" data-widget_type=\"text-editor.default\">\n\t\t\t\t<div class=\"elementor-widget-container\">\n\t\t\t\t\t\t\t\t\t<p>Si buscas alojamiento en Alfara del Patriarca para estudiar en el CEU Cardenal Herrera, asegura tu plaza en una residencia dise\u00f1ada para tu \u00e9xito acad\u00e9mico. Ofrecemos habitaciones con ba\u00f1o privado y opciones de media pensi\u00f3n o pensi\u00f3n completa, a solo unos pasos de tus facultades.<\/p>\t\t\t\t\t\t\t\t<\/div>\n\t\t\t\t<\/div>\n\t\t\t\t<div class=\"elementor-element elementor-element-3c1980f elementor-widget elementor-widget-heading\" data-id=\"3c1980f\" data-element_type=\"widget\" data-widget_type=\"heading.default\">\n\t\t\t\t<div class=\"elementor-widget-container\">\n\t\t\t\t\t<h3 class=\"elementor-heading-title elementor-size-default\">\u00bfPor qu\u00e9 reservar tu habitaci\u00f3n cerca del CEU ahora?<\/h3>\t\t\t\t<\/div>\n\t\t\t\t<\/div>\n\t\t\t\t<div class=\"elementor-element elementor-element-1bf1460 elementor-icon-list--layout-traditional elementor-list-item-link-full_width elementor-widget elementor-widget-icon-list\" data-id=\"1bf1460\" data-element_type=\"widget\" data-widget_type=\"icon-list.default\">\n\t\t\t\t<div class=\"elementor-widget-container\">\n\t\t\t\t\t\t\t<ul class=\"elementor-icon-list-items\">\n\t\t\t\t\t\t\t<li class=\"elementor-icon-list-item\">\n\t\t\t\t\t\t\t\t\t\t\t<span class=\"elementor-icon-list-icon\">\n\t\t\t\t\t\t\t<svg aria-hidden=\"true\" class=\"e-font-icon-svg e-fas-check\" viewbox=\"0 0 512 512\" xmlns=\"http:\/\/www.w3.org\/2000\/svg\"><path d=\"M173.898 439.404l-166.4-166.4c-9.997-9.997-9.997-26.206 0-36.204l36.203-36.204c9.997-9.998 26.207-9.998 36.204 0L192 312.69 432.095 72.596c9.997-9.997 26.207-9.997 36.204 0l36.203 36.204c9.997 9.997 9.997 26.206 0 36.204l-294.4 294.401c-9.998 9.997-26.207 9.997-36.204-.001z\"><\/path><\/svg>\t\t\t\t\t\t<\/span>\n\t\t\t\t\t\t\t\t\t\t<span class=\"elementor-icon-list-text\">Garantiza tu plaza en la residencia universitaria m\u00e1s moderna de Alfara.<\/span>\n\t\t\t\t\t\t\t\t\t<\/li>\n\t\t\t\t\t\t\t\t<li class=\"elementor-icon-list-item\">\n\t\t\t\t\t\t\t\t\t\t\t<span class=\"elementor-icon-list-icon\">\n\t\t\t\t\t\t\t<svg aria-hidden=\"true\" class=\"e-font-icon-svg e-fas-check\" viewbox=\"0 0 512 512\" xmlns=\"http:\/\/www.w3.org\/2000\/svg\"><path d=\"M173.898 439.404l-166.4-166.4c-9.997-9.997-9.997-26.206 0-36.204l36.203-36.204c9.997-9.998 26.207-9.998 36.204 0L192 312.69 432.095 72.596c9.997-9.997 26.207-9.997 36.204 0l36.203 36.204c9.997 9.997 9.997 26.206 0 36.204l-294.4 294.401c-9.998 9.997-26.207 9.997-36.204-.001z\"><\/path><\/svg>\t\t\t\t\t\t<\/span>\n\t\t\t\t\t\t\t\t\t\t<span class=\"elementor-icon-list-text\">Cancelaci\u00f3n gratuita y gesti\u00f3n administrativa sencilla.<\/span>\n\t\t\t\t\t\t\t\t\t<\/li>\n\t\t\t\t\t\t<\/ul>\n\t\t\t\t\t\t<\/div>\n\t\t\t\t<\/div>\n\t\t\t\t<\/div>\n\t\t<div class=\"elementor-element elementor-element-cf45948 e-con-full e-flex e-con e-child\" data-id=\"cf45948\" data-element_type=\"container\">\n\t\t\t\t<\/div>\n\t\t\t\t\t<\/div>\n\t\t\t\t<\/div>\n\t\t<div class=\"elementor-element elementor-element-51460a3 e-flex e-con-boxed e-con e-parent\" data-id=\"51460a3\" data-element_type=\"container\">\n\t\t\t\t\t<div class=\"e-con-inner\">\n\t\t\t\t<div class=\"elementor-element elementor-element-fe5d767 elementor-widget elementor-widget-html\" data-id=\"fe5d767\" data-element_type=\"widget\" data-no-translation=\"\" data-widget_type=\"html.default\">\n\t\t\t\t<div class=\"elementor-widget-container\">\n\t\t\t\t\t<style>.elementor-element-fe5d767{display:none !important}<\/style>\t\t\t\t<\/div>\n\t\t\t\t<\/div>\n\t\t\t\t<div class=\"elementor-element elementor-element-3e82fa1 elementor-widget elementor-widget-html\" data-id=\"3e82fa1\" data-element_type=\"widget\" data-no-translation=\"\" data-widget_type=\"html.default\">\n\t\t\t\t<div class=\"elementor-widget-container\">\n\t\t\t\t\t<iframe src=\"https:\/\/the-blue-residence.odoo.com\/formulario-en\" width=\"100%\" height=\"900\" style=\"border:none;\"><\/iframe>\t\t\t\t<\/div>\n\t\t\t\t<\/div>\n\t\t\t\t<div class=\"elementor-element elementor-element-1c046d5 elementor-widget elementor-widget-html\" data-id=\"1c046d5\" data-element_type=\"widget\" data-no-translation=\"\" data-widget_type=\"html.default\">\n\t\t\t\t<div class=\"elementor-widget-container\">\n\t\t\t\t\t<style>.elementor-element-1c046d5{display:none !important}<\/style>\t\t\t\t<\/div>\n\t\t\t\t<\/div>\n\t\t\t\t\t<\/div>\n\t\t\t\t<\/div>\n\t\t<div class=\"elementor-element elementor-element-68c95c9 e-con-full e-flex e-con e-parent\" data-id=\"68c95c9\" data-element_type=\"container\">\n\t\t\t\t<div class=\"elementor-element elementor-element-2de308c elementor-skin-carousel elementor-arrows-yes elementor-pagination-type-bullets elementor-pagination-position-outside elementor-widget elementor-widget-media-carousel\" data-id=\"2de308c\" data-element_type=\"widget\" data-settings=\"{&quot;skin&quot;:&quot;carousel&quot;,&quot;effect&quot;:&quot;slide&quot;,&quot;show_arrows&quot;:&quot;yes&quot;,&quot;pagination&quot;:&quot;bullets&quot;,&quot;speed&quot;:500,&quot;autoplay&quot;:&quot;yes&quot;,&quot;autoplay_speed&quot;:5000,&quot;loop&quot;:&quot;yes&quot;,&quot;pause_on_hover&quot;:&quot;yes&quot;,&quot;pause_on_interaction&quot;:&quot;yes&quot;,&quot;space_between&quot;:{&quot;unit&quot;:&quot;px&quot;,&quot;size&quot;:10,&quot;sizes&quot;:[]},&quot;space_between_tablet&quot;:{&quot;unit&quot;:&quot;px&quot;,&quot;size&quot;:10,&quot;sizes&quot;:[]},&quot;space_between_mobile&quot;:{&quot;unit&quot;:&quot;px&quot;,&quot;size&quot;:10,&quot;sizes&quot;:[]}}\" data-widget_type=\"media-carousel.default\">\n\t\t\t\t<div class=\"elementor-widget-container\">\n\t\t\t\t\t\t\t\t\t<div class=\"elementor-swiper\">\n\t\t\t\t\t<div class=\"elementor-main-swiper swiper\" role=\"region\" aria-roledescription=\"carousel\" aria-label=\"Diapositivas\">\n\t\t\t\t<div class=\"swiper-wrapper\">\n\t\t\t\t\t\t\t\t\t\t\t<div class=\"swiper-slide\" role=\"group\" aria-roledescription=\"slide\">\n\t\t\t\t\t\t\t\t\t<div class=\"elementor-carousel-image\" role=\"img\" aria-label=\"Habitacion-individual- residencia-estudiantes-alfara-ceu\" style=\"background-image: url(&#039;https:\/\/theblueresidence.com\/theblueth2026\/wp-content\/uploads\/2025\/06\/render-room.jpg&#039;)\">\n\n\t\t\t\n\t\t\t\t\t<\/div>\n\t\t\t\t\t\t\t\t<\/div>\n\t\t\t\t\t\t\t\t\t\t\t<div class=\"swiper-slide\" role=\"group\" aria-roledescription=\"slide\">\n\t\t\t\t\t\t\t\t\t<div class=\"elementor-carousel-image\" role=\"img\" aria-label=\"SUTEGA-OKAPI-ROOFTOP-CAM01-Def00-Per01-optimi\" style=\"background-image: url(&#039;https:\/\/theblueresidence.com\/theblueth2026\/wp-content\/uploads\/2025\/07\/SUTEGA-OKAPI-ROOFTOP-CAM01-Def00-Per01-optimi.jpg&#039;)\">\n\n\t\t\t\n\t\t\t\t\t<\/div>\n\t\t\t\t\t\t\t\t<\/div>\n\t\t\t\t\t\t\t\t\t\t\t<div class=\"swiper-slide\" role=\"group\" aria-roledescription=\"slide\">\n\t\t\t\t\t\t\t\t\t<div class=\"elementor-carousel-image\" role=\"img\" aria-label=\"Habitaci\u00f3n individual para estudiantes con ba\u00f1o privado en alfara\" style=\"background-image: url(&#039;https:\/\/theblueresidence.com\/theblueth2026\/wp-content\/uploads\/2025\/03\/render-room-1.jpg&#039;)\">\n\n\t\t\t\n\t\t\t\t\t<\/div>\n\t\t\t\t\t\t\t\t<\/div>\n\t\t\t\t\t\t\t\t\t\t\t<div class=\"swiper-slide\" role=\"group\" aria-roledescription=\"slide\">\n\t\t\t\t\t\t\t\t\t<div class=\"elementor-carousel-image\" role=\"img\" aria-label=\"Sala de estudio coworking para estudiantes CEU Alfara\" style=\"background-image: url(&#039;https:\/\/theblueresidence.com\/theblueth2026\/wp-content\/uploads\/2025\/06\/TheBlueWorkshop_slider-scaled.png&#039;)\">\n\n\t\t\t\n\t\t\t\t\t<\/div>\n\t\t\t\t\t\t\t\t<\/div>\n\t\t\t\t\t\t\t\t\t\t\t<div class=\"swiper-slide\" role=\"group\" aria-roledescription=\"slide\">\n\t\t\t\t\t\t\t\t\t<div class=\"elementor-carousel-image\" role=\"img\" aria-label=\"render-room-3\" style=\"background-image: url(&#039;https:\/\/theblueresidence.com\/theblueth2026\/wp-content\/uploads\/2025\/03\/render-room-3.jpg&#039;)\">\n\n\t\t\t\n\t\t\t\t\t<\/div>\n\t\t\t\t\t\t\t\t<\/div>\n\t\t\t\t\t\t\t\t\t\t\t<div class=\"swiper-slide\" role=\"group\" aria-roledescription=\"slide\">\n\t\t\t\t\t\t\t\t\t<div class=\"elementor-carousel-image\" role=\"img\" aria-label=\"TheBlueCantina__slider\" style=\"background-image: url(&#039;https:\/\/theblueresidence.com\/theblueth2026\/wp-content\/uploads\/2025\/06\/TheBlueCantina__slider-scaled.png&#039;)\">\n\n\t\t\t\n\t\t\t\t\t<\/div>\n\t\t\t\t\t\t\t\t<\/div>\n\t\t\t\t\t\t\t\t\t<\/div>\n\t\t\t\t\t\t\t\t\t\t\t\t\t\t\t<div class=\"elementor-swiper-button elementor-swiper-button-prev\" role=\"button\" tabindex=\"0\" aria-label=\"Anterior\">\n\t\t\t\t\t\t\t<svg aria-hidden=\"true\" class=\"e-font-icon-svg e-eicon-chevron-left\" viewbox=\"0 0 1000 1000\" xmlns=\"http:\/\/www.w3.org\/2000\/svg\"><path d=\"M646 125C629 125 613 133 604 142L308 442C296 454 292 471 292 487 292 504 296 521 308 533L604 854C617 867 629 875 646 875 663 875 679 871 692 858 704 846 713 829 713 812 713 796 708 779 692 767L438 487 692 225C700 217 708 204 708 187 708 171 704 154 692 142 675 129 663 125 646 125Z\"><\/path><\/svg>\t\t\t\t\t\t<\/div>\n\t\t\t\t\t\t<div class=\"elementor-swiper-button elementor-swiper-button-next\" role=\"button\" tabindex=\"0\" aria-label=\"Siguiente\">\n\t\t\t\t\t\t\t<svg aria-hidden=\"true\" class=\"e-font-icon-svg e-eicon-chevron-right\" viewbox=\"0 0 1000 1000\" xmlns=\"http:\/\/www.w3.org\/2000\/svg\"><path d=\"M696 533C708 521 713 504 713 487 713 471 708 454 696 446L400 146C388 133 375 125 354 125 338 125 325 129 313 142 300 154 292 171 292 187 292 204 296 221 308 233L563 492 304 771C292 783 288 800 288 817 288 833 296 850 308 863 321 871 338 875 354 875 371 875 388 867 400 854L696 533Z\"><\/path><\/svg>\t\t\t\t\t\t<\/div>\n\t\t\t\t\t\t\t\t\t\t\t\t\t\t\t\t<div class=\"swiper-pagination\"><\/div>\n\t\t\t\t\t\t\t\t\t\t\t\t<\/div>\n\t\t\t\t<\/div>\n\t\t\t\t\t\t\t\t<\/div>\n\t\t\t\t<\/div>\n\t\t\t\t<\/div>\n\t\t\t\t<\/div>","protected":false},"excerpt":{"rendered":"<p>Plazas Disponibles para el curso 2026\/27 Tu residencia a 4 minutos del CEU Si buscas alojamiento en Alfara del Patriarca para estudiar en el CEU Cardenal Herrera, asegura tu plaza en una residencia dise\u00f1ada para tu \u00e9xito acad\u00e9mico. Ofrecemos habitaciones con ba\u00f1o privado y opciones de media pensi\u00f3n o pensi\u00f3n completa, a solo unos pasos [&hellip;]<\/p>","protected":false},"author":1,"featured_media":0,"parent":0,"menu_order":0,"comment_status":"closed","ping_status":"closed","template":"","meta":{"_joinchat":[],"footnotes":""},"class_list":["post-689","page","type-page","status-publish","hentry"],"yoast_head":"<!-- This site is optimized with the Yoast SEO plugin v26.5 - https:\/\/yoast.com\/wordpress\/plugins\/seo\/ -->\n<title>Inscripci\u00f3n The Blue Residence - Plazas Disponibles - The Blue Residence | Ven a Vivirlo Todo<\/title>\n<meta name=\"robots\" content=\"noindex, follow, max-snippet:-1, max-image-preview:large, max-video-preview:-1\" \/>\n<meta property=\"og:locale\" content=\"en_GB\" \/>\n<meta property=\"og:type\" content=\"article\" \/>\n<meta property=\"og:title\" content=\"Inscripci\u00f3n The Blue Residence - Plazas Disponibles - The Blue Residence | Ven a Vivirlo Todo\" \/>\n<meta property=\"og:description\" content=\"Plazas Disponibles para el curso 2026\/27 Tu residencia a 4 minutos del CEU Si buscas alojamiento en Alfara del Patriarca para estudiar en el CEU Cardenal Herrera, asegura tu plaza en una residencia dise\u00f1ada para tu \u00e9xito acad\u00e9mico. Ofrecemos habitaciones con ba\u00f1o privado y opciones de media pensi\u00f3n o pensi\u00f3n completa, a solo unos pasos [&hellip;]\" \/>\n<meta property=\"og:url\" content=\"https:\/\/theblueresidence.com\/theblueth2026\/en\/pre-reserva\/\" \/>\n<meta property=\"og:site_name\" content=\"The Blue Residence | Ven a Vivirlo Todo\" \/>\n<meta property=\"article:modified_time\" content=\"2026-04-09T20:26:19+00:00\" \/>\n<meta property=\"og:image\" content=\"https:\/\/theblueresidence.com\/theblueth2026\/wp-content\/uploads\/2025\/06\/render-room.jpg\" \/>\n\t<meta property=\"og:image:width\" content=\"1920\" \/>\n\t<meta property=\"og:image:height\" content=\"1080\" \/>\n\t<meta property=\"og:image:type\" content=\"image\/jpeg\" \/>\n<meta name=\"twitter:card\" content=\"summary_large_image\" \/>\n<meta name=\"twitter:label1\" content=\"Estimated reading time\" \/>\n\t<meta name=\"twitter:data1\" content=\"1 minute\" \/>\n<script type=\"application\/ld+json\" class=\"yoast-schema-graph\">{\"@context\":\"https:\/\/schema.org\",\"@graph\":[{\"@type\":\"WebPage\",\"@id\":\"https:\/\/theblueresidence.com\/theblueth2026\/pre-reserva\/\",\"url\":\"https:\/\/theblueresidence.com\/theblueth2026\/pre-reserva\/\",\"name\":\"Inscripci\u00f3n The Blue Residence - Plazas Disponibles - The Blue Residence | Ven a Vivirlo Todo\",\"isPartOf\":{\"@id\":\"https:\/\/theblueresidence.com\/theblueth2026\/#website\"},\"datePublished\":\"2025-07-30T11:00:20+00:00\",\"dateModified\":\"2026-04-09T20:26:19+00:00\",\"breadcrumb\":{\"@id\":\"https:\/\/theblueresidence.com\/theblueth2026\/pre-reserva\/#breadcrumb\"},\"inLanguage\":\"en-GB\",\"potentialAction\":[{\"@type\":\"ReadAction\",\"target\":[\"https:\/\/theblueresidence.com\/theblueth2026\/pre-reserva\/\"]}]},{\"@type\":\"BreadcrumbList\",\"@id\":\"https:\/\/theblueresidence.com\/theblueth2026\/pre-reserva\/#breadcrumb\",\"itemListElement\":[{\"@type\":\"ListItem\",\"position\":1,\"name\":\"Portada\",\"item\":\"https:\/\/theblueresidence.com\/theblueth2026\/\"},{\"@type\":\"ListItem\",\"position\":2,\"name\":\"Inscripci\u00f3n The Blue Residence &#8211; Plazas Disponibles\"}]},{\"@type\":\"WebSite\",\"@id\":\"https:\/\/theblueresidence.com\/theblueth2026\/#website\",\"url\":\"https:\/\/theblueresidence.com\/theblueth2026\/\",\"name\":\"theblueresidence.com\",\"description\":\"Tu Residencia Universitaria a 4 minutos del CEU Cardenal Herrera. \u00a1Ven a vivirlo todo!\",\"publisher\":{\"@id\":\"https:\/\/theblueresidence.com\/theblueth2026\/#organization\"},\"potentialAction\":[{\"@type\":\"SearchAction\",\"target\":{\"@type\":\"EntryPoint\",\"urlTemplate\":\"https:\/\/theblueresidence.com\/theblueth2026\/?s={search_term_string}\"},\"query-input\":{\"@type\":\"PropertyValueSpecification\",\"valueRequired\":true,\"valueName\":\"search_term_string\"}}],\"inLanguage\":\"en-GB\"},{\"@type\":\"Organization\",\"@id\":\"https:\/\/theblueresidence.com\/theblueth2026\/#organization\",\"name\":\"The Blue Residence\",\"url\":\"https:\/\/theblueresidence.com\/theblueth2026\/\",\"logo\":{\"@type\":\"ImageObject\",\"inLanguage\":\"en-GB\",\"@id\":\"https:\/\/theblueresidence.com\/theblueth2026\/#\/schema\/logo\/image\/\",\"url\":\"https:\/\/theblueresidence.com\/theblueth2026\/wp-content\/uploads\/2025\/03\/cropped-The-Blue-Residence_sinfondo.png\",\"contentUrl\":\"https:\/\/theblueresidence.com\/theblueth2026\/wp-content\/uploads\/2025\/03\/cropped-The-Blue-Residence_sinfondo.png\",\"width\":2251,\"height\":1126,\"caption\":\"The Blue Residence\"},\"image\":{\"@id\":\"https:\/\/theblueresidence.com\/theblueth2026\/#\/schema\/logo\/image\/\"},\"sameAs\":[\"https:\/\/www.instagram.com\/theblueresidence_es\/\"]}]}<\/script>\n<!-- \/ Yoast SEO plugin. -->","yoast_head_json":{"title":"Inscripci\u00f3n The Blue Residence - Plazas Disponibles - The Blue Residence | Ven a Vivirlo Todo","robots":{"index":"noindex","follow":"follow","max-snippet":"max-snippet:-1","max-image-preview":"max-image-preview:large","max-video-preview":"max-video-preview:-1"},"og_locale":"en_GB","og_type":"article","og_title":"Inscripci\u00f3n The Blue Residence - Plazas Disponibles - The Blue Residence | Ven a Vivirlo Todo","og_description":"Plazas Disponibles para el curso 2026\/27 Tu residencia a 4 minutos del CEU Si buscas alojamiento en Alfara del Patriarca para estudiar en el CEU Cardenal Herrera, asegura tu plaza en una residencia dise\u00f1ada para tu \u00e9xito acad\u00e9mico. Ofrecemos habitaciones con ba\u00f1o privado y opciones de media pensi\u00f3n o pensi\u00f3n completa, a solo unos pasos [&hellip;]","og_url":"https:\/\/theblueresidence.com\/theblueth2026\/en\/pre-reserva\/","og_site_name":"The Blue Residence | Ven a Vivirlo Todo","article_modified_time":"2026-04-09T20:26:19+00:00","og_image":[{"width":1920,"height":1080,"url":"https:\/\/theblueresidence.com\/theblueth2026\/wp-content\/uploads\/2025\/06\/render-room.jpg","type":"image\/jpeg"}],"twitter_card":"summary_large_image","twitter_misc":{"Estimated reading time":"1 minute"},"schema":{"@context":"https:\/\/schema.org","@graph":[{"@type":"WebPage","@id":"https:\/\/theblueresidence.com\/theblueth2026\/pre-reserva\/","url":"https:\/\/theblueresidence.com\/theblueth2026\/pre-reserva\/","name":"Inscripci\u00f3n The Blue Residence - Plazas Disponibles - The Blue Residence | Ven a Vivirlo Todo","isPartOf":{"@id":"https:\/\/theblueresidence.com\/theblueth2026\/#website"},"datePublished":"2025-07-30T11:00:20+00:00","dateModified":"2026-04-09T20:26:19+00:00","breadcrumb":{"@id":"https:\/\/theblueresidence.com\/theblueth2026\/pre-reserva\/#breadcrumb"},"inLanguage":"en-GB","potentialAction":[{"@type":"ReadAction","target":["https:\/\/theblueresidence.com\/theblueth2026\/pre-reserva\/"]}]},{"@type":"BreadcrumbList","@id":"https:\/\/theblueresidence.com\/theblueth2026\/pre-reserva\/#breadcrumb","itemListElement":[{"@type":"ListItem","position":1,"name":"Portada","item":"https:\/\/theblueresidence.com\/theblueth2026\/"},{"@type":"ListItem","position":2,"name":"Inscripci\u00f3n The Blue Residence &#8211; Plazas Disponibles"}]},{"@type":"WebSite","@id":"https:\/\/theblueresidence.com\/theblueth2026\/#website","url":"https:\/\/theblueresidence.com\/theblueth2026\/","name":"theblueresidence.com","description":"Tu Residencia Universitaria a 4 minutos del CEU Cardenal Herrera. \u00a1Ven a vivirlo todo!","publisher":{"@id":"https:\/\/theblueresidence.com\/theblueth2026\/#organization"},"potentialAction":[{"@type":"SearchAction","target":{"@type":"EntryPoint","urlTemplate":"https:\/\/theblueresidence.com\/theblueth2026\/?s={search_term_string}"},"query-input":{"@type":"PropertyValueSpecification","valueRequired":true,"valueName":"search_term_string"}}],"inLanguage":"en-GB"},{"@type":"Organization","@id":"https:\/\/theblueresidence.com\/theblueth2026\/#organization","name":"The Blue Residence","url":"https:\/\/theblueresidence.com\/theblueth2026\/","logo":{"@type":"ImageObject","inLanguage":"en-GB","@id":"https:\/\/theblueresidence.com\/theblueth2026\/#\/schema\/logo\/image\/","url":"https:\/\/theblueresidence.com\/theblueth2026\/wp-content\/uploads\/2025\/03\/cropped-The-Blue-Residence_sinfondo.png","contentUrl":"https:\/\/theblueresidence.com\/theblueth2026\/wp-content\/uploads\/2025\/03\/cropped-The-Blue-Residence_sinfondo.png","width":2251,"height":1126,"caption":"The Blue Residence"},"image":{"@id":"https:\/\/theblueresidence.com\/theblueth2026\/#\/schema\/logo\/image\/"},"sameAs":["https:\/\/www.instagram.com\/theblueresidence_es\/"]}]}},"_links":{"self":[{"href":"https:\/\/theblueresidence.com\/theblueth2026\/en\/wp-json\/wp\/v2\/pages\/689","targetHints":{"allow":["GET"]}}],"collection":[{"href":"https:\/\/theblueresidence.com\/theblueth2026\/en\/wp-json\/wp\/v2\/pages"}],"about":[{"href":"https:\/\/theblueresidence.com\/theblueth2026\/en\/wp-json\/wp\/v2\/types\/page"}],"author":[{"embeddable":true,"href":"https:\/\/theblueresidence.com\/theblueth2026\/en\/wp-json\/wp\/v2\/users\/1"}],"replies":[{"embeddable":true,"href":"https:\/\/theblueresidence.com\/theblueth2026\/en\/wp-json\/wp\/v2\/comments?post=689"}],"version-history":[{"count":104,"href":"https:\/\/theblueresidence.com\/theblueth2026\/en\/wp-json\/wp\/v2\/pages\/689\/revisions"}],"predecessor-version":[{"id":1585,"href":"https:\/\/theblueresidence.com\/theblueth2026\/en\/wp-json\/wp\/v2\/pages\/689\/revisions\/1585"}],"wp:attachment":[{"href":"https:\/\/theblueresidence.com\/theblueth2026\/en\/wp-json\/wp\/v2\/media?parent=689"}],"curies":[{"name":"wp","href":"https:\/\/api.w.org\/{rel}","templated":true}]}}