{"id":384,"date":"2025-06-30T19:03:27","date_gmt":"2025-06-30T19:03:27","guid":{"rendered":"https:\/\/theblueresidence.com\/theblueth2026\/?page_id=384"},"modified":"2025-07-24T17:56:43","modified_gmt":"2025-07-24T17:56:43","slug":"cookies","status":"publish","type":"page","link":"https:\/\/theblueresidence.com\/theblueth2026\/en\/cookies\/","title":{"rendered":"Pol\u00edtica de Cookies"},"content":{"rendered":"<div data-elementor-type=\"wp-page\" data-elementor-id=\"384\" class=\"elementor elementor-384\" data-elementor-post-type=\"page\">\n\t\t\t\t<div class=\"elementor-element elementor-element-ca66716 e-con-full e-flex e-con e-parent\" data-id=\"ca66716\" data-element_type=\"container\" data-settings=\"{&quot;background_background&quot;:&quot;classic&quot;}\">\n\t\t<div class=\"elementor-element elementor-element-1832114 e-con-full e-flex e-con e-child\" data-id=\"1832114\" data-element_type=\"container\">\n\t\t\t\t<\/div>\n\t\t<div class=\"elementor-element elementor-element-a3149ae e-con-full e-flex e-con e-child\" data-id=\"a3149ae\" data-element_type=\"container\">\n\t\t\t\t<div class=\"elementor-element elementor-element-add14c2 elementor-widget elementor-widget-heading\" data-id=\"add14c2\" data-element_type=\"widget\" data-widget_type=\"heading.default\">\n\t\t\t\t<div class=\"elementor-widget-container\">\n\t\t\t\t\t<h1 class=\"elementor-heading-title elementor-size-default\">Pol\u00edtica de Cookies<\/h1>\t\t\t\t<\/div>\n\t\t\t\t<\/div>\n\t\t\t\t<\/div>\n\t\t\t\t<\/div>\n\t\t<div class=\"elementor-element elementor-element-21297b7 e-con-full e-flex e-con e-parent\" data-id=\"21297b7\" data-element_type=\"container\">\n\t\t\t\t<div class=\"elementor-element elementor-element-b2776b2 elementor-widget elementor-widget-text-editor\" data-id=\"b2776b2\" data-element_type=\"widget\" data-widget_type=\"text-editor.default\">\n\t\t\t\t<div class=\"elementor-widget-container\">\n\t\t\t\t\t\t\t\t\t<p>El acceso a este Sitio Web (<span style=\"letter-spacing: 0.3px;\">Https:\/\/theblueresidence.com)\u00a0<\/span><span style=\"letter-spacing: 0.3px;\">puede implicar la utilizaci\u00f3n de cookies. Las cookies son peque\u00f1as cantidades de informaci\u00f3n que se almacenan en el navegador utilizado por cada Usuario \u2014en los distintos dispositivos que pueda utilizar para navegar\u2014 para que el servidor recuerde cierta informaci\u00f3n que posteriormente y \u00fanicamente el servidor que la implement\u00f3 leer\u00e1. Las cookies facilitan la navegaci\u00f3n, la hacen m\u00e1s amigable, y no da\u00f1an el dispositivo de navegaci\u00f3n.<\/span><\/p><p>Las cookies son procedimientos autom\u00e1ticos de recogida de informaci\u00f3n relativa a las preferencias determinadas por el Usuario durante su visita al Sitio Web con el fin de reconocerlo como Usuario, y personalizar su experiencia y el uso del Sitio Web, y pueden tambi\u00e9n, por ejemplo, ayudar a identificar y resolver errores.<\/p><p>La informaci\u00f3n recabada a trav\u00e9s de las cookies puede incluir la fecha y hora de visitas al Sitio Web, las p\u00e1ginas visionadas, el tiempo que ha estado en el Sitio Web y los sitios visitados justo antes y despu\u00e9s del mismo. Sin embargo, ninguna cookie permite que esta misma pueda contactarse con el n\u00famero de tel\u00e9fono del Usuario o con cualquier otro medio de contacto personal. Ninguna cookie puede extraer informaci\u00f3n del disco duro del Usuario o robar informaci\u00f3n personal. La \u00fanica manera de que la informaci\u00f3n privada del Usuario forme parte del archivo Cookie es que el usuario d\u00e9 personalmente esa informaci\u00f3n al servidor.<\/p><p>Cuando hablamos de \u00abCookies\u00bb tambi\u00e9n nos referimos a otras tecnolog\u00edas similares de instalaci\u00f3n y\/o recogida de informaci\u00f3n en o sobre tu dispositivo (tales como flash cookies, web beacons o bugs, pixels, HTML5 (de almacenamiento local), y tecnolog\u00edas SDK para formatos app. Asimismo, el t\u00e9rmino \u201cCookies\u201d tambi\u00e9n resulta de aplicaci\u00f3n al uso de t\u00e9cnicas de fingerprinting, es decir, aquellas t\u00e9cnicas de combinaci\u00f3n de informaci\u00f3n que nos ayudan a identificar tu dispositivo. En ocasiones, estas tecnolog\u00edas funcionan de manera conjunta con cookies para recopilar y almacenar informaci\u00f3n, bien para proporcionarte ciertas funcionalidades o servicios en nuestra Plataforma, o bien para mostrarte publicidad en las plataformas de terceros, teniendo en cuenta tu navegaci\u00f3n. Esta explicaci\u00f3n es una muestra general de lo que se entiende por Cookies a meros efectos informativos<\/p><p>Las cookies que permiten identificar a una persona se consideran datos personales. Por tanto, a las mismas les ser\u00e1 de aplicaci\u00f3n la Pol\u00edtica de Privacidad anteriormente descrita. En este sentido, para la utilizaci\u00f3n de las mismas ser\u00e1 necesario el consentimiento del Usuario. Este consentimiento ser\u00e1 comunicado, en base a una elecci\u00f3n aut\u00e9ntica, ofrecido mediante una decisi\u00f3n afirmativa y positiva, antes del tratamiento inicial, removible y documentado.<\/p><p>El objetivo principal de nuestras Cookies es que tu experiencia de navegaci\u00f3n sea m\u00e1s c\u00f3moda y eficiente. Por ejemplo, son utilizadas para recordar tus preferencias (idioma, pa\u00eds, etc.) durante la navegaci\u00f3n y en futuras visitas. Tambi\u00e9n usamos nuestras Cookies para mejorar nuestros servicios y Plataforma continuamente, as\u00ed como para poder ofrecer publicidad personalizada seg\u00fan tus h\u00e1bitos de navegaci\u00f3n. La informaci\u00f3n recogida en las Cookies nos permite, adem\u00e1s, mejorar nuestra Plataforma mediante estimaciones sobre datos estad\u00edsticos y patrones de uso (n\u00famero de visitas, secciones m\u00e1s visitadas, tiempo de visita, etc.), conocer de manera estad\u00edstica c\u00f3mo interact\u00faan los usuarios con la Plataforma con el fin de mejorar nuestros servicios, as\u00ed como para adaptar la Plataforma a tus intereses individuales, la aceleraci\u00f3n de las b\u00fasquedas, etc. En ocasiones, podremos utilizar Cookies para obtener informaci\u00f3n que nos permita mostrar desde nuestra Plataforma, las plataformas de terceros, o por cualquier otro medio, publicidad basada en el an\u00e1lisis de tus h\u00e1bitos de navegaci\u00f3n. En todo caso, en las Cookies que utilizamos nunca almacenamos informaci\u00f3n sensible como contrase\u00f1as, datos de tarjeta de cr\u00e9dito o d\u00e9bito etc.<\/p><p><b>Cookies propias<br \/><\/b><\/p><p>Son aquellas cookies que son enviadas al ordenador o dispositivo del Usuario y gestionadas exclusivamente por\u00a0<span style=\"letter-spacing: 0.3px;\">THE BLUE RESIDENCE ALFARA<\/span>, S.L. para el mejor funcionamiento del Sitio Web. La informaci\u00f3n que se recaba se emplea para mejorar la calidad del Sitio Web y su Contenido y su experiencia como Usuario. Estas cookies permiten reconocer al Usuario como visitante recurrente del Sitio Web y adaptar el contenido para ofrecerle contenidos que se ajusten a sus preferencias.<\/p><p><b>Cookies de terceros<span style=\"letter-spacing: 0.3px;\"><br \/><\/span><\/b><\/p><p><span style=\"letter-spacing: 0.3px;\">Son cookies utilizadas y gestionadas por entidades externas que proporcionan a\u00a0<\/span><span style=\"letter-spacing: 0.3px;\">THE BLUE RESIDENCE ALFARA<\/span><span style=\"letter-spacing: 0.3px;\">, S.L. servicios solicitados por este mismo para mejorar el Sitio Web y la experiencia del usuario al navegar en el Sitio Web. Los principales objetivos para los que se utilizan cookies de terceros son la obtenci\u00f3n de estad\u00edsticas de accesos y analizar la informaci\u00f3n de la navegaci\u00f3n, es decir, c\u00f3mo interact\u00faa el Usuario con el Sitio Web.<\/span><\/p><p>La informaci\u00f3n que se obtiene se refiere, por ejemplo, al n\u00famero de p\u00e1ginas visitadas, el idioma, el lugar a la que la direcci\u00f3n IP desde el que accede el Usuario, el n\u00famero de Usuarios que acceden, la frecuencia y reincidencia de las visitas, el tiempo de visita, el navegador que usan, el operador o tipo de dispositivo desde el que se realiza la visita. Esta informaci\u00f3n se utiliza para mejorar el Sitio Web, y detectar nuevas necesidades para ofrecer a los Usuarios un Contenido y\/o servicio de \u00f3ptima calidad. En todo caso, la informaci\u00f3n se recopila de forma an\u00f3nima y se elaboran informes de tendencias del Sitio Web sin identificar a usuarios individuales.<\/p><p>Puede obtener m\u00e1s informaci\u00f3n sobre las cookies, la informaci\u00f3n sobre la privacidad, o consultar la descripci\u00f3n del tipo de cookies que se utiliza, sus principales caracter\u00edsticas, periodo de expiraci\u00f3n, etc. en el siguiente(s) enlace(s):<br \/>Google Analytics: https:\/\/tools.google.com\/dlpage\/gaoptout<\/p><p>La(s) entidad(es) encargada(s) del suministro de cookies podr\u00e1(n) ceder esta informaci\u00f3n a terceros, siempre y cuando lo exija la ley o sea un tercero el que procese esta informaci\u00f3n para dichas entidades.<\/p><p><b>Cookies de redes sociales<br \/><\/b><\/p><p><span style=\"letter-spacing: 0.3px;\">THE BLUE RESIDENCE ALFARA<\/span>, S.L. incorpora plugins de redes sociales, que permiten acceder a las mismas a partir del Sitio Web. Por esta raz\u00f3n, las cookies de redes sociales pueden almacenarse en el navegador del Usuario. Los titulares de dichas redes sociales disponen de sus propias pol\u00edticas de protecci\u00f3n de datos y de cookies, siendo ellos mismos, en cada caso, responsables de sus propios ficheros y de sus propias pr\u00e1cticas de privacidad. El Usuario debe referirse a las mismas para informarse acerca de dichas cookies y, en su caso, del tratamiento de sus datos personales. \u00danicamente a t\u00edtulo informativo se indican a continuaci\u00f3n los enlaces en los que se pueden consultar dichas pol\u00edticas de privacidad y\/o de cookies:<\/p><ul><li>Facebook: https:\/\/www.facebook.com\/policies\/cookies\/<\/li><li>Twitter: https:\/\/twitter.com\/es\/privacy<\/li><li>Instagram: https:\/\/help.instagram.com\/1896641480634370?ref=ig<\/li><li>YouTube: https:\/\/policies.google.com\/privacy?hl=es-419&amp;gl=mx<\/li><li>Pinterest: https:\/\/policy.pinterest.com\/es\/privacy-policy<\/li><li>LinkedIn: https:\/\/www.linkedin.com\/legal\/cookie-policy?trk=hp-cookies<br \/><br \/><\/li><\/ul><p><b>Deshabilitar, rechazar y eliminar cookies<br \/><\/b><\/p><p>El Usuario puede deshabilitar, rechazar y eliminar las cookies \u2014total o parcialmente\u2014 instaladas en su dispositivo mediante la configuraci\u00f3n de su navegador (entre los que se encuentran, por ejemplo, Chrome, Firefox, Safari, Explorer). En este sentido, los procedimientos para rechazar y eliminar las cookies pueden diferir de un navegador de Internet a otro. En consecuencia, el Usuario debe acudir a las instrucciones facilitadas por el propio navegador de Internet que est\u00e9 utilizando. En el supuesto de que rechace el uso de cookies \u2014total o parcialmente\u2014 podr\u00e1 seguir usando el Sitio Web, si bien podr\u00e1 tener limitada la utilizaci\u00f3n de algunas de las prestaciones del mismo.<\/p>\t\t\t\t\t\t\t\t<\/div>\n\t\t\t\t<\/div>\n\t\t\t\t<\/div>\n\t\t\t\t<\/div>","protected":false},"excerpt":{"rendered":"<p>Pol\u00edtica de Cookies El acceso a este Sitio Web (Https:\/\/theblueresidence.com)\u00a0puede implicar la utilizaci\u00f3n de cookies. Las cookies son peque\u00f1as cantidades de informaci\u00f3n que se almacenan en el navegador utilizado por cada Usuario \u2014en los distintos dispositivos que pueda utilizar para navegar\u2014 para que el servidor recuerde cierta informaci\u00f3n que posteriormente y \u00fanicamente el servidor que [&hellip;]<\/p>","protected":false},"author":1,"featured_media":0,"parent":0,"menu_order":0,"comment_status":"closed","ping_status":"closed","template":"","meta":{"_joinchat":[],"footnotes":""},"class_list":["post-384","page","type-page","status-publish","hentry"],"yoast_head":"<!-- This site is optimized with the Yoast SEO plugin v26.5 - https:\/\/yoast.com\/wordpress\/plugins\/seo\/ -->\n<title>Pol\u00edtica de Cookies - The Blue Residence | Ven a Vivirlo Todo<\/title>\n<meta name=\"robots\" content=\"noindex, follow, max-snippet:-1, max-image-preview:large, max-video-preview:-1\" \/>\n<meta property=\"og:locale\" content=\"en_GB\" \/>\n<meta property=\"og:type\" content=\"article\" \/>\n<meta property=\"og:title\" content=\"Pol\u00edtica de Cookies - The Blue Residence | Ven a Vivirlo Todo\" \/>\n<meta property=\"og:description\" content=\"Pol\u00edtica de Cookies El acceso a este Sitio Web (Https:\/\/theblueresidence.com)\u00a0puede implicar la utilizaci\u00f3n de cookies. Las cookies son peque\u00f1as cantidades de informaci\u00f3n que se almacenan en el navegador utilizado por cada Usuario \u2014en los distintos dispositivos que pueda utilizar para navegar\u2014 para que el servidor recuerde cierta informaci\u00f3n que posteriormente y \u00fanicamente el servidor que [&hellip;]\" \/>\n<meta property=\"og:url\" content=\"https:\/\/theblueresidence.com\/theblueth2026\/en\/cookies\/\" \/>\n<meta property=\"og:site_name\" content=\"The Blue Residence | Ven a Vivirlo Todo\" \/>\n<meta property=\"article:modified_time\" content=\"2025-07-24T17:56:43+00:00\" \/>\n<meta property=\"og:image\" content=\"https:\/\/theblueresidence.com\/theblueth2026\/wp-content\/uploads\/2025\/06\/render-room.jpg\" \/>\n\t<meta property=\"og:image:width\" content=\"1920\" \/>\n\t<meta property=\"og:image:height\" content=\"1080\" \/>\n\t<meta property=\"og:image:type\" content=\"image\/jpeg\" \/>\n<meta name=\"twitter:card\" content=\"summary_large_image\" \/>\n<meta name=\"twitter:label1\" content=\"Estimated reading time\" \/>\n\t<meta name=\"twitter:data1\" content=\"7 minutes\" \/>\n<script type=\"application\/ld+json\" class=\"yoast-schema-graph\">{\"@context\":\"https:\/\/schema.org\",\"@graph\":[{\"@type\":\"WebPage\",\"@id\":\"https:\/\/theblueresidence.com\/theblueth2026\/cookies\/\",\"url\":\"https:\/\/theblueresidence.com\/theblueth2026\/cookies\/\",\"name\":\"Pol\u00edtica de Cookies - The Blue Residence | Ven a Vivirlo Todo\",\"isPartOf\":{\"@id\":\"https:\/\/theblueresidence.com\/theblueth2026\/#website\"},\"datePublished\":\"2025-06-30T19:03:27+00:00\",\"dateModified\":\"2025-07-24T17:56:43+00:00\",\"breadcrumb\":{\"@id\":\"https:\/\/theblueresidence.com\/theblueth2026\/cookies\/#breadcrumb\"},\"inLanguage\":\"en-GB\",\"potentialAction\":[{\"@type\":\"ReadAction\",\"target\":[\"https:\/\/theblueresidence.com\/theblueth2026\/cookies\/\"]}]},{\"@type\":\"BreadcrumbList\",\"@id\":\"https:\/\/theblueresidence.com\/theblueth2026\/cookies\/#breadcrumb\",\"itemListElement\":[{\"@type\":\"ListItem\",\"position\":1,\"name\":\"Portada\",\"item\":\"https:\/\/theblueresidence.com\/theblueth2026\/\"},{\"@type\":\"ListItem\",\"position\":2,\"name\":\"Pol\u00edtica de Cookies\"}]},{\"@type\":\"WebSite\",\"@id\":\"https:\/\/theblueresidence.com\/theblueth2026\/#website\",\"url\":\"https:\/\/theblueresidence.com\/theblueth2026\/\",\"name\":\"theblueresidence.com\",\"description\":\"Tu Residencia Universitaria a 4 minutos del CEU Cardenal Herrera. \u00a1Ven a vivirlo todo!\",\"publisher\":{\"@id\":\"https:\/\/theblueresidence.com\/theblueth2026\/#organization\"},\"potentialAction\":[{\"@type\":\"SearchAction\",\"target\":{\"@type\":\"EntryPoint\",\"urlTemplate\":\"https:\/\/theblueresidence.com\/theblueth2026\/?s={search_term_string}\"},\"query-input\":{\"@type\":\"PropertyValueSpecification\",\"valueRequired\":true,\"valueName\":\"search_term_string\"}}],\"inLanguage\":\"en-GB\"},{\"@type\":\"Organization\",\"@id\":\"https:\/\/theblueresidence.com\/theblueth2026\/#organization\",\"name\":\"The Blue Residence\",\"url\":\"https:\/\/theblueresidence.com\/theblueth2026\/\",\"logo\":{\"@type\":\"ImageObject\",\"inLanguage\":\"en-GB\",\"@id\":\"https:\/\/theblueresidence.com\/theblueth2026\/#\/schema\/logo\/image\/\",\"url\":\"https:\/\/theblueresidence.com\/theblueth2026\/wp-content\/uploads\/2025\/03\/cropped-The-Blue-Residence_sinfondo.png\",\"contentUrl\":\"https:\/\/theblueresidence.com\/theblueth2026\/wp-content\/uploads\/2025\/03\/cropped-The-Blue-Residence_sinfondo.png\",\"width\":2251,\"height\":1126,\"caption\":\"The Blue Residence\"},\"image\":{\"@id\":\"https:\/\/theblueresidence.com\/theblueth2026\/#\/schema\/logo\/image\/\"},\"sameAs\":[\"https:\/\/www.instagram.com\/theblueresidence_es\/\"]}]}<\/script>\n<!-- \/ Yoast SEO plugin. -->","yoast_head_json":{"title":"Pol\u00edtica de Cookies - The Blue Residence | Ven a Vivirlo Todo","robots":{"index":"noindex","follow":"follow","max-snippet":"max-snippet:-1","max-image-preview":"max-image-preview:large","max-video-preview":"max-video-preview:-1"},"og_locale":"en_GB","og_type":"article","og_title":"Pol\u00edtica de Cookies - The Blue Residence | Ven a Vivirlo Todo","og_description":"Pol\u00edtica de Cookies El acceso a este Sitio Web (Https:\/\/theblueresidence.com)\u00a0puede implicar la utilizaci\u00f3n de cookies. Las cookies son peque\u00f1as cantidades de informaci\u00f3n que se almacenan en el navegador utilizado por cada Usuario \u2014en los distintos dispositivos que pueda utilizar para navegar\u2014 para que el servidor recuerde cierta informaci\u00f3n que posteriormente y \u00fanicamente el servidor que [&hellip;]","og_url":"https:\/\/theblueresidence.com\/theblueth2026\/en\/cookies\/","og_site_name":"The Blue Residence | Ven a Vivirlo Todo","article_modified_time":"2025-07-24T17:56:43+00:00","og_image":[{"width":1920,"height":1080,"url":"https:\/\/theblueresidence.com\/theblueth2026\/wp-content\/uploads\/2025\/06\/render-room.jpg","type":"image\/jpeg"}],"twitter_card":"summary_large_image","twitter_misc":{"Estimated reading time":"7 minutes"},"schema":{"@context":"https:\/\/schema.org","@graph":[{"@type":"WebPage","@id":"https:\/\/theblueresidence.com\/theblueth2026\/cookies\/","url":"https:\/\/theblueresidence.com\/theblueth2026\/cookies\/","name":"Pol\u00edtica de Cookies - The Blue Residence | Ven a Vivirlo Todo","isPartOf":{"@id":"https:\/\/theblueresidence.com\/theblueth2026\/#website"},"datePublished":"2025-06-30T19:03:27+00:00","dateModified":"2025-07-24T17:56:43+00:00","breadcrumb":{"@id":"https:\/\/theblueresidence.com\/theblueth2026\/cookies\/#breadcrumb"},"inLanguage":"en-GB","potentialAction":[{"@type":"ReadAction","target":["https:\/\/theblueresidence.com\/theblueth2026\/cookies\/"]}]},{"@type":"BreadcrumbList","@id":"https:\/\/theblueresidence.com\/theblueth2026\/cookies\/#breadcrumb","itemListElement":[{"@type":"ListItem","position":1,"name":"Portada","item":"https:\/\/theblueresidence.com\/theblueth2026\/"},{"@type":"ListItem","position":2,"name":"Pol\u00edtica de Cookies"}]},{"@type":"WebSite","@id":"https:\/\/theblueresidence.com\/theblueth2026\/#website","url":"https:\/\/theblueresidence.com\/theblueth2026\/","name":"theblueresidence.com","description":"Tu Residencia Universitaria a 4 minutos del CEU Cardenal Herrera. \u00a1Ven a vivirlo todo!","publisher":{"@id":"https:\/\/theblueresidence.com\/theblueth2026\/#organization"},"potentialAction":[{"@type":"SearchAction","target":{"@type":"EntryPoint","urlTemplate":"https:\/\/theblueresidence.com\/theblueth2026\/?s={search_term_string}"},"query-input":{"@type":"PropertyValueSpecification","valueRequired":true,"valueName":"search_term_string"}}],"inLanguage":"en-GB"},{"@type":"Organization","@id":"https:\/\/theblueresidence.com\/theblueth2026\/#organization","name":"The Blue Residence","url":"https:\/\/theblueresidence.com\/theblueth2026\/","logo":{"@type":"ImageObject","inLanguage":"en-GB","@id":"https:\/\/theblueresidence.com\/theblueth2026\/#\/schema\/logo\/image\/","url":"https:\/\/theblueresidence.com\/theblueth2026\/wp-content\/uploads\/2025\/03\/cropped-The-Blue-Residence_sinfondo.png","contentUrl":"https:\/\/theblueresidence.com\/theblueth2026\/wp-content\/uploads\/2025\/03\/cropped-The-Blue-Residence_sinfondo.png","width":2251,"height":1126,"caption":"The Blue Residence"},"image":{"@id":"https:\/\/theblueresidence.com\/theblueth2026\/#\/schema\/logo\/image\/"},"sameAs":["https:\/\/www.instagram.com\/theblueresidence_es\/"]}]}},"_links":{"self":[{"href":"https:\/\/theblueresidence.com\/theblueth2026\/en\/wp-json\/wp\/v2\/pages\/384","targetHints":{"allow":["GET"]}}],"collection":[{"href":"https:\/\/theblueresidence.com\/theblueth2026\/en\/wp-json\/wp\/v2\/pages"}],"about":[{"href":"https:\/\/theblueresidence.com\/theblueth2026\/en\/wp-json\/wp\/v2\/types\/page"}],"author":[{"embeddable":true,"href":"https:\/\/theblueresidence.com\/theblueth2026\/en\/wp-json\/wp\/v2\/users\/1"}],"replies":[{"embeddable":true,"href":"https:\/\/theblueresidence.com\/theblueth2026\/en\/wp-json\/wp\/v2\/comments?post=384"}],"version-history":[{"count":11,"href":"https:\/\/theblueresidence.com\/theblueth2026\/en\/wp-json\/wp\/v2\/pages\/384\/revisions"}],"predecessor-version":[{"id":671,"href":"https:\/\/theblueresidence.com\/theblueth2026\/en\/wp-json\/wp\/v2\/pages\/384\/revisions\/671"}],"wp:attachment":[{"href":"https:\/\/theblueresidence.com\/theblueth2026\/en\/wp-json\/wp\/v2\/media?parent=384"}],"curies":[{"name":"wp","href":"https:\/\/api.w.org\/{rel}","templated":true}]}}